{"id":950,"date":"2025-05-21T10:32:02","date_gmt":"2025-05-21T15:32:02","guid":{"rendered":"https:\/\/kasantelele.com\/?page_id=950"},"modified":"2025-06-24T10:16:46","modified_gmt":"2025-06-24T15:16:46","slug":"inicio","status":"publish","type":"page","link":"https:\/\/kasantelele.com\/en\/","title":{"rendered":"Home"},"content":{"rendered":"<div class=\"wpb-content-wrapper\"><div class=\"vc_row wpb_row vc_row-fluid\"><div class=\"nt-column col-sm-12\"><div class=\"nt-shortcode-wrapper\"><div id=\"start-screen\" class=\"start-screen start-screen--style-1 item_69e3558258706\" data-scroll-discover=\"true\" data-res-css=\".vegas-timer-progress {background-color: #00000000 !important; } #start-screen #vegas-slider .vegas-dots a {border-color: #DB5A27; } #start-screen #vegas-slider .vegas-dots a.active {background-color: #DB5A27;border-color: #DB5A27; } .start-screen[data-scroll-discover=true] .scroll-discover:after, .start-screen[data-scroll-discover=true] .scroll-discover:before {background-color: #DB5A27 !important; }\"><div id=\"start-screen__bg\" class=\"start-screen__bg\"><div id=\"vegas-slider\" data-autoplay=\"true\" data-timer=\"true\" data-dots=\"true\" data-duration=\"4000\" data-delay=\"3s\" data-transition=\"['fade', 'zoomOut', 'blur', 'swirlLeft', 'swirlRight']\" data-overlayimg=\"https:\/\/kasantelele.com\/wp-content\/themes\/agro\/images\/overlays\/05.png\"><div class=\"vegas-control\"><span id=\"vegas-control__prev\" class=\"vegas-control__btn\">Prev<\/span><span id=\"vegas-control__next\" class=\"vegas-control__btn\">Next<\/span><\/div><\/div><\/div><div id=\"start-screen__content-container\" class=\"start-screen__content-container text-white\"><div class=\"start-screen__content__item start-screen__content__item--1 align-items-center item_69e355825876b\" data-img-src=\"https:\/\/kasantelele.com\/wp-content\/uploads\/2025\/06\/DJI_0564.jpg\" data-mobimg-src=\"\" data-video=\"false\" data-res-css=\"      .start-screen__content__item.start-screen__content__item--1.item_69e355825876b .custom-btn {color: #FFFFFF!important; } .start-screen__content__item.start-screen__content__item--1.item_69e355825876b .custom-btn:hover {color: #FFFFFF!important; } .start-screen__content__item.start-screen__content__item--1.item_69e355825876b .custom-btn {border-color: #DB5A27!important; } .start-screen__content__item.start-screen__content__item--1.item_69e355825876b .custom-btn:hover {border-color: #253A1C!important; } .start-screen__content__item.start-screen__content__item--1.item_69e355825876b .custom-btn {background-color: #DB5A27!important; } .start-screen__content__item.start-screen__content__item--1.item_69e355825876b .custom-btn:hover {background-color: #253A1C!important; }  \"><div class=\"container\"><div class=\"row justify-content-center\"><div class=\"col-12 col-md-10 col-xl-8\"><div class=\"__name\">Roots that inspire<\/div><h2 class=\"__title text-white\">Ts\u00e1chila Tradition<\/h2><p class=\"mt-5 mt-md-10 text-center\"><span class=\"d-none d-sm-block\"><a class=\"custom-btn custom-btn--big custom-btn--style-3\" href=\"https:\/\/kasantelele.com\/en\/sobre-nosotros\/\">Get to know us<\/a><\/span><span class=\"d-block d-sm-none\"><a class=\"custom-btn custom-btn--small custom-btn--style-3\" href=\"https:\/\/kasantelele.com\/en\/sobre-nosotros\/\">Get to know us<\/a><\/span><\/p><\/div><\/div><\/div><\/div><div class=\"start-screen__content__item start-screen__content__item--1 align-items-center item_69e35582588e4\" data-img-src=\"https:\/\/kasantelele.com\/wp-content\/uploads\/2025\/06\/DSC_1420.jpg\" data-mobimg-src=\"\" data-video=\"false\" data-res-css=\"      .start-screen__content__item.start-screen__content__item--1.item_69e35582588e4 .custom-btn {color: #FFFFFF!important; } .start-screen__content__item.start-screen__content__item--1.item_69e35582588e4 .custom-btn:hover {color: #FFFFFF!important; } .start-screen__content__item.start-screen__content__item--1.item_69e35582588e4 .custom-btn {border-color: #DB5A27!important; } .start-screen__content__item.start-screen__content__item--1.item_69e35582588e4 .custom-btn:hover {border-color: #253A1C!important; } .start-screen__content__item.start-screen__content__item--1.item_69e35582588e4 .custom-btn {background-color: #DB5A27!important; } .start-screen__content__item.start-screen__content__item--1.item_69e35582588e4 .custom-btn:hover {background-color: #253A1C!important; }  \"><div class=\"container\"><div class=\"row justify-content-center\"><div class=\"col-12 col-md-10 col-xl-8\"><div class=\"__name\">Authentic flavor<\/div><h2 class=\"__title text-white\">Premium baby banana<\/h2><p class=\"mt-5 mt-md-10 text-center\"><span class=\"d-none d-sm-block\"><a class=\"custom-btn custom-btn--big custom-btn--style-3\" href=\"https:\/\/kasantelele.com\/en\/productos\/\">See Products<\/a><\/span><span class=\"d-block d-sm-none\"><a class=\"custom-btn custom-btn--small custom-btn--style-3\" href=\"https:\/\/kasantelele.com\/en\/productos\/\">See Products<\/a><\/span><\/p><\/div><\/div><\/div><\/div><div class=\"start-screen__content__item start-screen__content__item--3 align-items-center item_69e3558258a03\" data-img-src=\"https:\/\/kasantelele.com\/wp-content\/uploads\/2025\/06\/DSC_1590.jpg\" data-mobimg-src=\"\" data-video=\"false\" data-res-css=\"     .start-screen__content__item.start-screen__content__item--3.item_69e3558258a03 .__title span {color: #DB5A27 !important; }  .start-screen__content__item.start-screen__content__item--3.item_69e3558258a03 .custom-btn {color: #FFFFFF!important; } .start-screen__content__item.start-screen__content__item--3.item_69e3558258a03 .custom-btn:hover {color: #FFFFFF!important; } .start-screen__content__item.start-screen__content__item--3.item_69e3558258a03 .custom-btn {border-color: #DB5A27!important; } .start-screen__content__item.start-screen__content__item--3.item_69e3558258a03 .custom-btn:hover {border-color: #253A1C!important; } .start-screen__content__item.start-screen__content__item--3.item_69e3558258a03 .custom-btn {background-color: #DB5A27!important; } .start-screen__content__item.start-screen__content__item--3.item_69e3558258a03 .custom-btn:hover {background-color: #253A1C!important; }     \"><div class=\"container\"><div class=\"row justify-content-center\"><div class=\"col-12 col-md-auto col-xl-8\"><div class=\"__name\">We export quality<\/div><h2 class=\"__title text-white\">Kasan<span>telele<\/span><\/h2><p class=\"mt-5 mt-md-10 text-center\"><span class=\"d-none d-sm-block\"><a class=\"custom-btn custom-btn--big custom-btn--style-3\" href=\"https:\/\/kasantelele.com\/en\/contactanos\/\">Contact Us<\/a><\/span><span class=\"d-block d-sm-none\"><a class=\"custom-btn custom-btn--small custom-btn--style-3\" href=\"https:\/\/kasantelele.com\/en\/contactanos\/\">Contact Us<\/a><\/span><\/p><\/div><\/div><\/div><\/div><\/div><span class=\"scroll-discover\"><\/span><\/div><\/div><\/div><\/div><div id=\"ini-col1\" class=\"agro-section-wrapper vc_custom_1748964243371\"><div class=\"container container-stretch\"><div class=\"row\"><div class=\"nt-column\"><div class=\"nt-shortcode-wrapper\"><div class=\"special-offer special-offer--style-1 item_69e3558258ee6\"  data-aos=\"zoom-in\" data-aos-delay=\"600\" data-aos-offset=\"70\" data-res-css=\"  \"><h2 class=\"text text-center lazy\" data-src=\"https:\/\/kasantelele.com\/wp-content\/uploads\/2019\/02\/special_offer_text_bg.jpg\">TS\u00c1CHILA FLAVOR<\/h2><\/div><\/div><\/div><\/div><\/div><\/div><div class=\"nt_clearfix\"><\/div><div class=\"agro-section-wrapper\"><div class=\"nt-column\"><div class=\"nt-shortcode-wrapper\"><div class=\"section item_69e3558259316\" data-res-css=\"      .section.item_69e3558259316 .custom-btn {color: #DB5A27!important; } .section.item_69e3558259316 .custom-btn:hover {color: #FFFFFF!important; } .section.item_69e3558259316 .custom-btn {border-color: #DB5A27!important; }   .section.item_69e3558259316 .custom-btn:hover {background-color: #DB5A27!important; }  \"><div class=\"d-none d-lg-block bg-absolute\"><\/div><div class=\"container\"><div class=\"row align-items-center\"><div class=\"col-12 col-lg-4\"><div data-aos=\"fade-left\" data-aos-delay=\"400\" data-aos-offset=\"100\"><div class=\"section-heading\"><h2 class=\"__title\">Tradition <span>flavor and origin<\/span><\/h2><\/div><p class=\"d-none d-sm-block\"><a class=\"custom-btn custom-btn--medium custom-btn--style-1\" href=\"https:\/\/kasantelele.com\/en\/sobre-nosotros\/\">Learn more<\/a><\/p><\/div><\/div><div class=\"col-12 my-3 d-lg-none\"><\/div><div class=\"col-12 col-lg-4  text-center\"><div data-aos=\"fade-up\" data-aos-delay=\"400\" data-aos-offset=\"100\"><img decoding=\"async\" src=\"https:\/\/kasantelele.com\/wp-content\/uploads\/2025\/06\/img-hom-01.png\" class=\"img-fluid\" alt=\"img-hom-01.png\"><\/div><\/div><div class=\"col-12 my-3 d-lg-none\"><\/div><div class=\"col-12 col-lg-4\"><div data-aos=\"fade-right\" data-aos-delay=\"400\" data-aos-offset=\"100\"><p>Welcome to Kasan Telele Export, a company with deep roots in the Ts\u00e1chila indigenous community. Based in Santo Domingo, we grow baby bananas using traditional techniques, respecting the land and passing on ancestral knowledge from generation to generation.<\/p>\n<p>Each fruit is hand-selected, carefully cared for, and exported worldwide with the commitment to offering quality, freshness, and unparalleled flavor. In every bite, we carry not only a product, but also the history, culture, and pride of our people.<\/p>\n<p class=\"d-sm-none\"><a class=\"custom-btn custom-btn--medium custom-btn--style-1\" href=\"https:\/\/kasantelele.com\/en\/sobre-nosotros\/\">Learn more<\/a><\/p><\/div><\/div><\/div><\/div><\/div><\/div><\/div><\/div><div class=\"nt_clearfix\"><\/div><div class=\"agro-section-wrapper section vc_custom_1747864226412\"><div class=\"container container-stretch\"><div class=\"row\"><div class=\"nt-column col-sm-12\"><div class=\"nt-shortcode-wrapper\"><div class=\"section-heading section-heading--center item_69e3558259847\" data-res-css=\"     \" data-aos=\"fade\"><h2 class=\"__title\">WHAT MAKES US <span>SPECIAL?<\/span><\/h2><p>Join us on this Nutritious and Cultural Journey. Discover the Taste of Tradition!<\/p><\/div><\/div><\/div><div class=\"nt-column col-sm-4 col-lg-3 col-md-4 col-6\"><div class=\"nt-shortcode-wrapper\"><div class=\"feature feature--style-1 feature_69e355825996b\" data-res-css=\"   \"><div class=\"__item  text-center\" data-aos=\"fade\" data-aos-delay=\"100\" data-aos-offset=\"100\"><i class=\"__ico\"><img decoding=\"async\" src=\"https:\/\/kasantelele.com\/wp-content\/uploads\/2025\/05\/ico-hom-01.png\" class=\"img-fluid\" alt=\"ico-hom-01.png\"><\/i><h5 class=\"__title\">Indigenous Origin<\/h5><\/div><\/div><\/div><\/div><div class=\"nt-column col-sm-4 col-lg-3 col-md-4 col-6\"><div class=\"nt-shortcode-wrapper\"><div class=\"feature feature--style-1 feature_69e3558259bd9\" data-res-css=\"   \"><div class=\"__item  text-center\" data-aos=\"fade\" data-aos-delay=\"200\" data-aos-offset=\"100\"><i class=\"__ico\"><img decoding=\"async\" src=\"https:\/\/kasantelele.com\/wp-content\/uploads\/2025\/05\/ico-hom-02.png\" class=\"img-fluid\" alt=\"ico-hom-02.png\"><\/i><h5 class=\"__title\">Unparalleled Quality<\/h5><\/div><\/div><\/div><\/div><div class=\"nt-column col-sm-4 col-lg-3 col-md-4 col-6\"><div class=\"nt-shortcode-wrapper\"><div class=\"feature feature--style-1 feature_69e3558259e35\" data-res-css=\"   \"><div class=\"__item  text-center\" data-aos=\"fade\" data-aos-delay=\"300\" data-aos-offset=\"100\"><i class=\"__ico\"><img decoding=\"async\" src=\"https:\/\/kasantelele.com\/wp-content\/uploads\/2025\/05\/ico-hom-03.png\" class=\"img-fluid\" alt=\"ico-hom-03.png\"><\/i><h5 class=\"__title\">Commitment to Sustainability<\/h5><\/div><\/div><\/div><\/div><div class=\"nt-column col-sm-4 col-lg-3 col-md-4 col-6\"><div class=\"nt-shortcode-wrapper\"><div class=\"feature feature--style-1 feature_69e355825a07e\" data-res-css=\"   \"><div class=\"__item  text-center\" data-aos=\"fade\" data-aos-delay=\"300\" data-aos-offset=\"100\"><i class=\"__ico\"><img decoding=\"async\" src=\"https:\/\/kasantelele.com\/wp-content\/uploads\/2025\/05\/ico-hom-04.png\" class=\"img-fluid\" alt=\"ico-hom-04.png\"><\/i><h5 class=\"__title\">Global Export<\/h5><\/div><\/div><\/div><\/div><\/div><\/div><\/div><div class=\"nt_clearfix\"><\/div><div class=\"agro-section-wrapper\"><div class=\"nt-column col-sm-12\"><div class=\"nt-shortcode-wrapper\"><div class=\"section section--gutter section--base-bg counter_69e355825a4d3\" data-res-css=\"      .section.counter_69e355825a4d3 .counter .__item .__count{color: #FFFFFF; } .section.counter_69e355825a4d3 .counter .__item .after-number{color: #FFFFFF; } .section.counter_69e355825a4d3 .counter .__item .__title{color: #DB5A27; }\">\n                <div class=\"container\">\n                    <div class=\"counter\">\n                        <div class=\"__inner\">\n                            <div class=\"row justify-content-sm-center\"><div class=\"col-12 col-sm-8 col-md-6 col-lg-5 col-xl-3\"><div class=\"__item\" data-aos=\"\" data-aos-delay=\"\" data-aos-offset=\"\"><div class=\"d-table\"><div class=\"d-table-cell align-middle\"><i class=\"__ico\"><img decoding=\"async\" src=\"https:\/\/kasantelele.com\/wp-content\/uploads\/2025\/05\/vec-hom-01.png\" class=\"img-fluid\" alt=\"vec-hom-01.png\"><\/i><\/div><div class=\"d-table-cell align-middle\"><p class=\"__count js-count has-after-number\" data-from=\"0\" data-to=\"100\">100<\/p> <span class=\"after-number\">%<\/span><p class=\"__title\">Natural<\/p><\/div><\/div><\/div><\/div><div class=\"col-12 col-sm-8 col-md-6 col-lg-5 col-xl-3\"><div class=\"__item\" data-aos=\"\" data-aos-delay=\"\" data-aos-offset=\"\"><div class=\"d-table\"><div class=\"d-table-cell align-middle\"><i class=\"__ico\"><img decoding=\"async\" src=\"https:\/\/kasantelele.com\/wp-content\/uploads\/2025\/05\/vec-hom-02.png\" class=\"img-fluid\" alt=\"vec-hom-02.png\"><\/i><\/div><div class=\"d-table-cell align-middle\"><p class=\"__count js-count\" data-from=\"0\" data-to=\"0\">0<\/p><p class=\"__title\">Barriers<\/p><\/div><\/div><\/div><\/div><div class=\"col-12 col-sm-8 col-md-6 col-lg-5 col-xl-3\"><div class=\"__item\" data-aos=\"\" data-aos-delay=\"\" data-aos-offset=\"\"><div class=\"d-table\"><div class=\"d-table-cell align-middle\"><i class=\"__ico\"><img decoding=\"async\" src=\"https:\/\/kasantelele.com\/wp-content\/uploads\/2025\/05\/vec-hom-03.png\" class=\"img-fluid\" alt=\"vec-hom-03.png\"><\/i><\/div><div class=\"d-table-cell align-middle\"><p class=\"__count js-count has-after-number\" data-from=\"0\" data-to=\"5\">5<\/p> <span class=\"after-number\">+<\/span><p class=\"__title\">Alliances<\/p><\/div><\/div><\/div><\/div><div class=\"col-12 col-sm-8 col-md-6 col-lg-5 col-xl-3\"><div class=\"__item\" data-aos=\"\" data-aos-delay=\"\" data-aos-offset=\"\"><div class=\"d-table\"><div class=\"d-table-cell align-middle\"><i class=\"__ico\"><img decoding=\"async\" src=\"https:\/\/kasantelele.com\/wp-content\/uploads\/2025\/05\/vec-hom-04.png\" class=\"img-fluid\" alt=\"vec-hom-04.png\"><\/i><\/div><div class=\"d-table-cell align-middle\"><p class=\"__count js-count has-after-number\" data-from=\"0\" data-to=\"100\">100<\/p> <span class=\"after-number\">%<\/span><p class=\"__title\">Commitment<\/p><\/div><\/div><\/div><\/div><\/div>\n                    <\/div>\n                <\/div>\n            <\/div>\n        <\/div><\/div><\/div><\/div><div class=\"nt_clearfix\"><\/div><div class=\"agro-section-wrapper\"><div class=\"nt-column col-sm-12\"><div class=\"nt-shortcode-wrapper\"><div class=\"section section_69e355825ace9\" data-res-css=\"     \"><div class=\"container\"><div class=\"section-heading section-heading--center\" data-aos=\"fade\"><h2 class=\"__title\">FROM ECUADOR <span>TO THE WORLD<\/span><\/h2><p>We export baby bananas to markets all over the world.<\/p><\/div><div data-aos=\"slide-up\" data-aos-duration=\"800\"><img decoding=\"async\" src=\"https:\/\/kasantelele.com\/wp-content\/uploads\/2025\/06\/img-hom-03.png\" class=\"img-fluid\" alt=\"img-hom-03.png\"><\/div><\/div><\/div><\/div><\/div><\/div><div class=\"nt_clearfix\"><\/div><div class=\"agro-section-wrapper\"><div class=\"nt-column\"><div class=\"nt-shortcode-wrapper\"><div class=\"section section--no-pt section--no-pb section--gutter\" data-res-css=\"   .simple-banner.simple-banner--style-1.banner_69e355825b141 .banner__text .__title {display: block; color: #DB5A27; }    .simple-banner.simple-banner--style-1.banner_69e355825b141 .__label .num-1{color: #84A829; } .simple-banner.simple-banner--style-1.banner_69e355825b141 .__label .num-2{color: #84A829; } .simple-banner.simple-banner--style-1.banner_69e355825b141 .__label span{color: #84A829; } .simple-banner.simple-banner--style-1.banner_69e355825b141 .custom-btn {color: #253A1C!important; } .simple-banner.simple-banner--style-1.banner_69e355825b141 .custom-btn:hover {color: #FFFFFF!important; } .simple-banner.simple-banner--style-1.banner_69e355825b141 .custom-btn {border-color: #253A1C!important; }   .simple-banner.simple-banner--style-1.banner_69e355825b141 .custom-btn:hover {background-color: #253A1C!important; }  \"><div class=\"simple-banner simple-banner--style-1 banner_69e355825b141 vc_custom_1749008891331\" data-aos=\"fade\" data-aos-offset=\"50\"><div class=\"__label d-none d-md-block\"><div class=\"d-table m-auto h-100\"><div class=\"d-table-cell align-middle\"><span class=\"num-1\">3<\/span><\/div><div class=\"d-table-cell align-middle\"><span class=\"num-2\">Kg<\/span><span>From<\/span><\/div><\/div><\/div><div class=\"container\"><div class=\"row\"><div class=\"col-12\"><div class=\"__inner\"><img decoding=\"async\" src=\"https:\/\/kasantelele.com\/wp-content\/uploads\/2025\/05\/v-marca-v3.png\" class=\"img-fluid\" alt=\"v-marca-v3.png\"><div class=\"row\"><div class=\"col-12 col-lg-7 col-xl-5\"><div class=\"banner__text\" data-aos=\"fade-left\" data-delay=\"500\"><h2 class=\"__title h1\"><b>Baby Banana<\/b> <span>Tshaninin Oro<\/span><\/h2><p>Baby bananas, also known as miniature bananas or dwarf bananas, are a variety of banana that are smaller than regular bananas.<\/p>\n<p><a class=\"custom-btn custom-btn--medium custom-btn--style-1\" href=\"https:\/\/kasantelele.com\/en\/productos\/\">See Products<\/a><\/p><\/div><\/div><\/div><\/div><\/div><\/div><\/div><\/div><\/div><\/div><\/div><\/div><div class=\"nt_clearfix\"><\/div><div class=\"agro-section-wrapper section vc_custom_1748925310345\"><div class=\"container container-stretch\"><div class=\"row\"><div class=\"nt-column col-sm-12\"><div class=\"nt-shortcode-wrapper\"><div class=\"section-heading section-heading--center item_69e355825b5f7\" data-res-css=\"     \" data-aos=\"fade\"><h2 class=\"__title\">TS\u00c1CHILA <span>LAND<\/span><\/h2><p>Let's celebrate our heritage, harvest, and connection with ancient nature.<\/p><\/div>\n\t<div class=\"wpb_video_widget wpb_content_element vc_clearfix   vc_video-aspect-ratio-169 vc_video-el-width-100 vc_video-align-left\" >\n\t\t<div class=\"wpb_wrapper\">\n\t\t\t\n\t\t\t<div class=\"wpb_video_wrapper\"><iframe loading=\"lazy\" title=\"Baby bananas - Kasan Telele\" width=\"500\" height=\"281\" src=\"https:\/\/www.youtube.com\/embed\/d9YeHhyaGbY?feature=oembed\" frameborder=\"0\" allow=\"accelerometer; autoplay; clipboard-write; encrypted-media; gyroscope; picture-in-picture; web-share\" referrerpolicy=\"strict-origin-when-cross-origin\" allowfullscreen><\/iframe><\/div>\n\t\t<\/div>\n\t<\/div>\n<\/div><\/div><\/div><\/div><\/div><div class=\"nt_clearfix\"><\/div><div class=\"agro-section-wrapper\"><div class=\"nt-column col-sm-12\"><div class=\"nt-shortcode-wrapper\"><div class=\"section  section_69e355825bc54\" data-res-css=\"     \"><div class=\"container\"><div class=\"partners-list\"><div class=\"js-slick slick_69e355825bc55\" data-slick='{\"slidesToShow\":5,\"infinite\":false,\"autoplay\":false,\"autoplaySpeed\":3000,\"arrows\":false,\"dots\":false,\"pauseOnHover\":false,\"speed\":1000,\"responsive\":[{\"breakpoint\":576,\"settings\":{\"slidesToShow\":1}},{\"breakpoint\":767,\"settings\":{\"slidesToShow\":3}},{\"breakpoint\":991,\"settings\":{\"slidesToShow\":4}},{\"breakpoint\":1199,\"settings\":{\"slidesToShow\":5}}]}'><div class=\"__item\"><img decoding=\"async\" src=\"https:\/\/kasantelele.com\/wp-content\/uploads\/2025\/05\/TsanininMarca.png\" class=\"img-fluid m-auto\" alt=\"TsanininMarca.png\"><\/div><\/div><\/div><\/div><\/div><\/div><\/div><\/div><div class=\"nt_clearfix\"><\/div>\n<\/div>","protected":false},"excerpt":{"rendered":"PrevNextRa\u00edces que inspiranTradici\u00f3n Ts\u00e1chilaCon\u00f3cenosCon\u00f3cenosSabor aut\u00e9nticoBaby banana premiumVer ProductosVer ProductosExportamos calidadKasanteleleCont\u00e1ctanosCont\u00e1ctanosSABOR TS\u00c1CHILATradici\u00f3n sabor y origenConocer m\u00e1sBienvenidos a Kasan Telele Export, una empresa con ra\u00edces profundas en la comunidad ind\u00edgena Ts\u00e1chila. Desde Santo Domingo, cultivamos baby bananas con t\u00e9cnicas tradicionales, respetando la tierra y transmitiendo el conocimiento ancestral de generaci\u00f3n en generaci\u00f3n. Cada fruta es seleccionada a...","protected":false},"author":1,"featured_media":0,"parent":0,"menu_order":0,"comment_status":"closed","ping_status":"closed","template":"custom-page.php","meta":{"footnotes":""},"class_list":["post-950","page","type-page","status-publish","hentry"," nt-post-class"],"_links":{"self":[{"href":"https:\/\/kasantelele.com\/en\/wp-json\/wp\/v2\/pages\/950","targetHints":{"allow":["GET"]}}],"collection":[{"href":"https:\/\/kasantelele.com\/en\/wp-json\/wp\/v2\/pages"}],"about":[{"href":"https:\/\/kasantelele.com\/en\/wp-json\/wp\/v2\/types\/page"}],"author":[{"embeddable":true,"href":"https:\/\/kasantelele.com\/en\/wp-json\/wp\/v2\/users\/1"}],"replies":[{"embeddable":true,"href":"https:\/\/kasantelele.com\/en\/wp-json\/wp\/v2\/comments?post=950"}],"version-history":[{"count":120,"href":"https:\/\/kasantelele.com\/en\/wp-json\/wp\/v2\/pages\/950\/revisions"}],"predecessor-version":[{"id":1300,"href":"https:\/\/kasantelele.com\/en\/wp-json\/wp\/v2\/pages\/950\/revisions\/1300"}],"wp:attachment":[{"href":"https:\/\/kasantelele.com\/en\/wp-json\/wp\/v2\/media?parent=950"}],"curies":[{"name":"wp","href":"https:\/\/api.w.org\/{rel}","templated":true}]}}