{"id":1107,"date":"2025-05-28T15:04:58","date_gmt":"2025-05-28T20:04:58","guid":{"rendered":"https:\/\/kasantelele.com\/?page_id=1107"},"modified":"2025-06-03T23:07:34","modified_gmt":"2025-06-04T04:07:34","slug":"productos","status":"publish","type":"page","link":"https:\/\/kasantelele.com\/en\/productos\/","title":{"rendered":"Products"},"content":{"rendered":"<div class=\"agro-section-wrapper\"><div class=\"nt-column\"><div class=\"nt-shortcode-wrapper\"><div id=\"hero\" class=\"nt-shortcode-hero jarallax section_69e37119ded8e vc_custom_1749009820088\" data-speed=\"0.7\" data-img-position=\"50% 80%\" data-res-css=\"      .nt-shortcode-hero.section_69e37119ded8e .breadcrumbs__link,.nt-shortcode-hero.section_69e37119ded8e .bitem {color: #DB5A27; }    \"><div class=\"container\"><div class=\"row\"><div class=\"col-12 col-lg-7\"><h1 class=\"__title\"><span>OUR<\/span> PRESENTATION<\/h1><div class=\"shortcode-page-breadcrumbs breadcrumb\"><div class=\"nt-breadcrumbs\"><ul class=\"nt-breadcrumbs-list\"><li class=\"bitem\"><span><a class=\"breadcrumbs__link\" href=\"https:\/\/kasantelele.com\/en\/\"><span>Home<\/span><\/a><\/span><\/li><\/ul><\/div><\/div><\/div><\/div><\/div><\/div><\/div><\/div><\/div><div class=\"nt_clearfix\"><\/div><div class=\"agro-section-wrapper\"><div class=\"nt-column\"><div class=\"nt-shortcode-wrapper\"><div class=\"section item_69e37119df413\" data-res-css=\"     \"><div class=\"container\"><div class=\"row justify-content-xl-between\"><div class=\"col-12 col-lg col-xl-7\"><h2 class=\"info-heading\">Baby Banana <span>Tshaninin Oro<\/span><\/h2>Baby bananas, also known as miniature bananas or dwarf bananas, are a special variety of banana distinguished by their smaller size compared to regular bananas. These small fruits have a thinner and shorter shape, making them ideal for individual servings, healthy snacks, or gourmet presentations.<\/p>\n<p>Despite their smaller size, baby bananas stand out for their intensely sweet and mild flavor, very similar to that of a fully ripe banana. They also offer a creamy, palate-pleasing texture, making them a delicious option both for eating directly and for preparing desserts, smoothies, or tropical dishes. Their easy-to-peel skin and their convenient size make them perfect for children, school lunches, or as a nutritious on-the-go option.<\/div><div class=\"col-12 my-3 d-lg-none\"><\/div><div class=\"col-12 col-lg-auto  text-center\"><img decoding=\"async\" src=\"https:\/\/kasantelele.com\/wp-content\/uploads\/2025\/06\/img-pro-01.png\" class=\"img-fluid\" alt=\"img-pro-01.png\"><\/div><\/div><\/div><\/div><\/div><\/div><\/div><div class=\"nt_clearfix\"><\/div><div class=\"agro-section-wrapper\"><div class=\"nt-column\"><div class=\"nt-shortcode-wrapper\"><div class=\"section-heading section-heading--center item_69e37119df8fc\" data-res-css=\"     \" data-aos=\"fade\"><h2 class=\"__title\">PRODUCT <span>PRESENTATION<\/span><\/h2><\/div><div class=\"section section--no-pt section_69e37119df916\" data-res-css=\"         \"><div class=\"container-fluid\"><div class=\"products-list\"><div class=\"__item\"><div class=\"__inner\"><div class=\"row align-items-lg-center justify-content-sm-center\"><div class=\"col-12 col-md-9 col-lg-6\"><div class=\"__image\"><img decoding=\"async\" src=\"https:\/\/kasantelele.com\/wp-content\/uploads\/2025\/06\/img-pro-03.png\" class=\"img-fluid\" alt=\"img-pro-03.png\"><\/div><\/div><div class=\"col-12 my-3 d-lg-none\"><\/div><div class=\"col-12 col-md-9 col-lg-6\"><div class=\"__content\"><h3 class=\"__title\">PRESENTATION 7 KG<\/h3><p><span style=\"color: #DB5A27;\">MEASURES<\/span><br><br>\nLong: 51 cm<br>\nBroad: 31 cm<br>\nHigh: 20 cm<br><\/p><\/div><\/div><\/div><\/div><\/div><div class=\"__item\"><div class=\"__inner\"><div class=\"row align-items-lg-center justify-content-sm-center\"><div class=\"col-12 col-md-9 col-lg-6\"><div class=\"__image\"><img decoding=\"async\" src=\"https:\/\/kasantelele.com\/wp-content\/uploads\/2025\/06\/img-pro-04.png\" class=\"img-fluid\" alt=\"img-pro-04.png\"><\/div><\/div><div class=\"col-12 my-3 d-lg-none\"><\/div><div class=\"col-12 col-md-9 col-lg-6\"><div class=\"__content\"><h3 class=\"__title\">PRESENTATION 4 KG<\/h3><p><span style=\"color: #DB5A27;\">MEASURES<\/span><br><br>\nLong: 35 cm<br>\nBroad: 28 cm<br>\nHigh: 14 cm<br><\/p><\/div><\/div><\/div><\/div><\/div><div class=\"__item\"><div class=\"__inner\"><div class=\"row align-items-lg-center justify-content-sm-center\"><div class=\"col-12 col-md-9 col-lg-6\"><div class=\"__image\"><img decoding=\"async\" src=\"https:\/\/kasantelele.com\/wp-content\/uploads\/2025\/06\/img-pro-05.png\" class=\"img-fluid\" alt=\"img-pro-05.png\"><\/div><\/div><div class=\"col-12 my-3 d-lg-none\"><\/div><div class=\"col-12 col-md-9 col-lg-6\"><div class=\"__content\"><h3 class=\"__title\">PRESENTATION 3 KG<\/h3><p><span style=\"color: #DB5A27;\">MEASURES<\/span><br><br>\nLong: 42 cm<br>\nBroad: 30 cm<br>\nHigh: 10 cm<br><\/p><\/div><\/div><\/div><\/div><\/div><\/div><\/div><\/div><\/div><\/div><\/div><div class=\"nt_clearfix\"><\/div><div class=\"agro-section-wrapper\"><div class=\"nt-column\"><div class=\"nt-shortcode-wrapper\"><div class=\"section item_69e37119e00a6\" data-res-css=\"             \"><div class=\"container\"><div class=\"row\"><div class=\"col-12 col-lg-6\"><h2 class=\"info-heading\">PRODUCT <span>DETAILS<\/span><\/h2><strong>Botanical Name:<\/strong> &#8220;Musa sp.&#8221;<\/p>\n<p><strong>Variety:<\/strong> Orito\/Baby Banana<\/p>\n<p><strong>Origin:<\/strong> Ecuador<\/p>\n<p><strong>Measurement:<\/strong> 10-14 cm versus 20-28 cm that his older brother measures. Its flavor is sweeter<\/p>\n<p><strong>Size:<\/strong> 10 cm to 14 cm approximately<\/p>\n<p><strong>Observations:<\/strong> The fruit suffers a dehydration of approximately 10%. for the trip, a percentage that is increased upon boarding<\/div><div class=\"col-12 my-3 d-lg-none\"><\/div><div class=\"col-12 col-lg-6\"><img decoding=\"async\" src=\"https:\/\/kasantelele.com\/wp-content\/uploads\/2025\/06\/img-pro-02.png\" class=\"img-fluid\" alt=\"img-pro-02.png\"><\/div><\/div><\/div><\/div><\/div><\/div><\/div><div class=\"nt_clearfix\"><\/div><div class=\"agro-section-wrapper\"><div class=\"nt-column\"><div class=\"nt-shortcode-wrapper\"><div class=\"section section_69e37119e0521 vc_custom_1748549300738\" data-res-css=\"       \"><div class=\"container\"><div class=\"section-heading section-heading--center\"><h2 class=\"__title\">PRODUCT <span>PROFILE<\/span><\/h2><p>Baby bananas stand out for their sweet, mild flavor and creamy texture. Their compact size makes them ideal for snacks and lunchboxes.<\/p><\/div><div class=\"feature feature--style-2\"><div class=\"__inner\"><div class=\"row\"><div class=\"col-12 col-md-6 col-lg-4\"><div class=\"__item\"><i class=\"__ico\"><img decoding=\"async\" src=\"https:\/\/kasantelele.com\/wp-content\/uploads\/2025\/05\/ico-hom-02.png\" class=\"img-fluid\" alt=\"ico-hom-02.png\"><\/i><h5 class=\"__title\">Flavor<\/h5><p>Very pleasant, sweet but soft and low acidity<\/p><\/div><\/div><div class=\"col-12 col-md-6 col-lg-4\"><div class=\"__item\"><i class=\"__ico\"><img decoding=\"async\" src=\"https:\/\/kasantelele.com\/wp-content\/uploads\/2025\/05\/ico-pro-01.png\" class=\"img-fluid\" alt=\"ico-pro-01.png\"><\/i><h5 class=\"__title\">Size<\/h5><p>10 to 14 cm approximately<\/p><\/div><\/div><div class=\"col-12 col-md-6 col-lg-4\"><div class=\"__item\"><i class=\"__ico\"><img decoding=\"async\" src=\"https:\/\/kasantelele.com\/wp-content\/uploads\/2025\/05\/ico-pro-02.png\" class=\"img-fluid\" alt=\"ico-pro-02.png\"><\/i><h5 class=\"__title\">Product Consumption<\/h5><p>It can be enjoyed as fresh fruit, for preparing all types of desserts and drinks.<\/p><\/div><\/div><div class=\"col-12 col-md-6 col-lg-4\"><div class=\"__item\"><i class=\"__ico\"><img decoding=\"async\" src=\"https:\/\/kasantelele.com\/wp-content\/uploads\/2025\/05\/ico-pro-03.png\" class=\"img-fluid\" alt=\"ico-pro-03.png\"><\/i><h5 class=\"__title\">Presentations<\/h5><p>Baby banana 260 - 330 gr. - 3 kl per box<br>\nBaby banana 330 - 400 gr. - 3 kl per box<br>\nBaby banana full hand 7 kl. per box<\/p><\/div><\/div><div class=\"col-12 col-md-6 col-lg-4\"><div class=\"__item\"><i class=\"__ico\"><img decoding=\"async\" src=\"https:\/\/kasantelele.com\/wp-content\/uploads\/2025\/05\/ico-pro-04.png\" class=\"img-fluid\" alt=\"ico-pro-04.png\"><\/i><h5 class=\"__title\">Time of Life<\/h5><p>Two weeks after arrival on the ship, before ripening.<\/p><\/div><\/div><div class=\"col-12 col-md-6 col-lg-4\"><div class=\"__item\"><i class=\"__ico\"><img decoding=\"async\" src=\"https:\/\/kasantelele.com\/wp-content\/uploads\/2025\/05\/ico-pro-05.png\" class=\"img-fluid\" alt=\"ico-pro-05.png\"><\/i><h5 class=\"__title\">Weight<\/h5><p>3 kl boxes commercial<br>\n7 kl boxes commercial<\/p><\/div><\/div><\/div><\/div><\/div><\/div><\/div><\/div><\/div><\/div><div class=\"nt_clearfix\"><\/div><div class=\"container\"><div class=\"agro-section-wrapper\"><div class=\"row\"><div class=\"nt-column col-sm-12\"><div class=\"nt-shortcode-wrapper\"><div class=\"section-heading section-heading--center item_69e37119e0f67\" data-res-css=\"     \" data-aos=\"fade\"><h2 class=\"__title\">PURCHASE <span>ORDER<\/span><\/h2><p>Minimum maritime purchase order<\/p><\/div>\n\t<div class=\"wpb_raw_code wpb_raw_html wpb_content_element vc_custom_1748983981255\" >\n\t\t<div class=\"wpb_wrapper\">\n\t\t\t<div style=\"overflow-x: auto; width: 100%;\">\r\n    <table style=\"width: 100%; border-collapse: collapse; text-align: center; font-family: sans-serif;\" align=\"center\">\r\n      <thead>\r\n        <tr style=\"background-color: #315D2F; color: white;\">\r\n          <th style=\"padding: 12px; border-top-left-radius: 20px;\">First<br>Packing<\/th>\r\n          <th style=\"padding: 12px;\">Units per<br>Box<\/th>\r\n          <th style=\"padding: 12px;\">Boxes per<br>Pallets<\/th>\r\n          <th style=\"padding: 12px;\">Pallets per<br>Container<\/th>\r\n          <th style=\"padding: 12px; border-top-right-radius: 20px;\">Container<br>40 feet<\/th>\r\n        <\/tr>\r\n      <\/thead>\r\n      <tbody>\r\n        <tr style=\"background-color: #A3CF6B; color: black;\">\r\n          <td style=\"padding: 10px;\">Cluster<br>260 - 330<br>grams<\/td>\r\n          <td>12 Cluster<\/td>\r\n          <td>200 boxes<br>3 kilos<\/td>\r\n          <td>6 pallets<\/td>\r\n          <td>1200 boxes<br>3600 kl<\/td>\r\n        <\/tr>\r\n        <tr style=\"background-color: #8DC04D; color: black;\">\r\n          <td style=\"padding: 10px;\">Cluster<br>330 - 400<br>grams<\/td>\r\n          <td>08 Cluster<\/td>\r\n          <td>200 boxes<br>3 kilos<\/td>\r\n          <td>14 pallets<\/td>\r\n          <td>2800 boxes<br>8400 kl<\/td>\r\n        <\/tr>\r\n        <tr style=\"background-color: #A3CF6B; color: black;\">\r\n          <td style=\"padding: 10px; border-bottom-left-radius: 20px;\">Full hand<br>cluster<\/td>\r\n          <td>6 - 9 Cluster<\/td>\r\n          <td>80 boxes<br>7 kilos<\/td>\r\n          <td>20 pallets<\/td>\r\n          <td style=\"border-bottom-right-radius: 20px;\">1600 boxes<br>11200 kl<\/td>\r\n        <\/tr>\r\n      <\/tbody>\r\n    <\/table>\r\n<\/div>\r\n<br><br><br>\r\n<center>The <strong>FOB<\/strong> value is established per commercial kilo according to the negotiation<\/center>\n\t\t<\/div>\n\t<\/div>\n<\/div><\/div><\/div><\/div><\/div><div class=\"nt_clearfix\"><\/div>","protected":false},"excerpt":{"rendered":"NUESTROS PRODUCTOSHomeBaby Banana Tshaninin OroLas baby bananas, tambi\u00e9n conocidas como bananas miniatura o bananas enanas, son una variedad especial de pl\u00e1tano que se distingue por su tama\u00f1o reducido en comparaci\u00f3n con las bananas comunes. Estas peque\u00f1as frutas presentan una forma m\u00e1s delgada y corta, lo que las hace ideales para porciones individuales, snacks saludables o...","protected":false},"author":1,"featured_media":0,"parent":0,"menu_order":0,"comment_status":"closed","ping_status":"closed","template":"custom-page.php","meta":{"footnotes":""},"class_list":["post-1107","page","type-page","status-publish","hentry"," nt-post-class"],"_links":{"self":[{"href":"https:\/\/kasantelele.com\/en\/wp-json\/wp\/v2\/pages\/1107","targetHints":{"allow":["GET"]}}],"collection":[{"href":"https:\/\/kasantelele.com\/en\/wp-json\/wp\/v2\/pages"}],"about":[{"href":"https:\/\/kasantelele.com\/en\/wp-json\/wp\/v2\/types\/page"}],"author":[{"embeddable":true,"href":"https:\/\/kasantelele.com\/en\/wp-json\/wp\/v2\/users\/1"}],"replies":[{"embeddable":true,"href":"https:\/\/kasantelele.com\/en\/wp-json\/wp\/v2\/comments?post=1107"}],"version-history":[{"count":72,"href":"https:\/\/kasantelele.com\/en\/wp-json\/wp\/v2\/pages\/1107\/revisions"}],"predecessor-version":[{"id":1287,"href":"https:\/\/kasantelele.com\/en\/wp-json\/wp\/v2\/pages\/1107\/revisions\/1287"}],"wp:attachment":[{"href":"https:\/\/kasantelele.com\/en\/wp-json\/wp\/v2\/media?parent=1107"}],"curies":[{"name":"wp","href":"https:\/\/api.w.org\/{rel}","templated":true}]}}