{"id":1095,"date":"2025-05-27T21:55:28","date_gmt":"2025-05-28T02:55:28","guid":{"rendered":"https:\/\/kasantelele.com\/?page_id=1095"},"modified":"2025-06-03T23:08:56","modified_gmt":"2025-06-04T04:08:56","slug":"contactanos","status":"publish","type":"page","link":"https:\/\/kasantelele.com\/en\/contactanos\/","title":{"rendered":"Contact Us"},"content":{"rendered":"<div class=\"agro-section-wrapper\"><div class=\"nt-column\"><div class=\"nt-shortcode-wrapper\"><div id=\"hero\" class=\"nt-shortcode-hero jarallax section_69e37135590ec vc_custom_1749010134348\" data-speed=\"0.7\" data-img-position=\"50% 80%\" data-res-css=\"      .nt-shortcode-hero.section_69e37135590ec .breadcrumbs__link,.nt-shortcode-hero.section_69e37135590ec .bitem {color: #DB5A27; }    \"><div class=\"container\"><div class=\"row\"><div class=\"col-12 col-lg-7\"><h1 class=\"__title\"><span>KASANTELELE<\/span> CONTACT US<\/h1><div class=\"shortcode-page-breadcrumbs breadcrumb\"><div class=\"nt-breadcrumbs\"><ul class=\"nt-breadcrumbs-list\"><li class=\"bitem\"><span><a class=\"breadcrumbs__link\" href=\"https:\/\/kasantelele.com\/en\/\"><span>Home<\/span><\/a><\/span><\/li><\/ul><\/div><\/div><\/div><\/div><\/div><\/div><\/div><\/div><\/div><div class=\"nt_clearfix\"><\/div><div class=\"agro-section-wrapper\"><div class=\"nt-column\"><div class=\"nt-shortcode-wrapper\"><div class=\"section section_69e37135596ec\" data-res-css=\".section.section_69e37135596ec .company-contacts .__item .__ico {color: #DB5A27; } .section.section_69e37135596ec .company-contacts .__item .__title {color: #253A1C; } \"><div class=\"container\"><div class=\"company-contacts text-center\"><div class=\"__inner\"><div class=\"row justify-content-around\"><div class=\"col-12 col-md-4 col-lg-3\"><div class=\"__item\"><i class=\"__ico fontello-location\"><\/i><h4 class=\"__title\">LOCATION<\/h4><p>Santo Domingo - Ecuador<\/p><\/div><\/div><div class=\"col-12 col-md-4 col-lg-3\"><div class=\"__item\"><i class=\"__ico fontello-phone\"><\/i><h4 class=\"__title\">MOBILE PHONE<\/h4><p>+593 99 660 0785<\/p><\/div><\/div><div class=\"col-12 col-md-4 col-lg-3\"><div class=\"__item\"><i class=\"__ico fontello-mail-1\"><\/i><h4 class=\"__title\">EMAIL<\/h4><p>kasantelele@gmail.com<\/p><\/div><\/div><\/div><\/div><\/div><\/div><\/div><\/div><\/div><\/div><div class=\"nt_clearfix\"><\/div><div class=\"agro-section-wrapper\"><div class=\"nt-column\"><div class=\"nt-shortcode-wrapper\"><div class=\"section section--dark-bg section--contacts section_69e37135599ff\" data-res-css=\"     \"><div class=\"container\"><div class=\"row justify-content-end\"><div class=\"col-12 col-md-6\"><div class=\"row justify-content-end\"><div class=\"col-md-11\"><div class=\"section-heading section-heading--white\"><h2 class=\"__title\">CONTACT <span>FORM<\/span><\/h2><p>Have questions? Write to us and we'll get back to you shortly.<\/p><\/div>\n<div class=\"wpcf7 no-js\" id=\"wpcf7-f941-o1\" lang=\"en-US\" dir=\"ltr\" data-wpcf7-id=\"941\">\n<div class=\"screen-reader-response\"><p role=\"status\" aria-live=\"polite\" aria-atomic=\"true\"><\/p> <ul><\/ul><\/div>\n<form action=\"\/en\/wp-json\/wp\/v2\/pages\/1095#wpcf7-f941-o1\" method=\"post\" class=\"wpcf7-form init\" aria-label=\"Contact form\" novalidate=\"novalidate\" data-status=\"init\" data-trp-original-action=\"\/en\/wp-json\/wp\/v2\/pages\/1095#wpcf7-f941-o1\">\n<div style=\"display: none;\">\n<input type=\"hidden\" name=\"_wpcf7\" value=\"941\" \/>\n<input type=\"hidden\" name=\"_wpcf7_version\" value=\"6.0.6\" \/>\n<input type=\"hidden\" name=\"_wpcf7_locale\" value=\"en_US\" \/>\n<input type=\"hidden\" name=\"_wpcf7_unit_tag\" value=\"wpcf7-f941-o1\" \/>\n<input type=\"hidden\" name=\"_wpcf7_container_post\" value=\"0\" \/>\n<input type=\"hidden\" name=\"_wpcf7_posted_data_hash\" value=\"\" \/>\n<\/div>\n<div class=\"contact-form js-contact-form\" data-aos=\"fade\">\n\t<div class=\"row\">\n\t\t<div class=\"col-12 col-md-6\">\n\t\t\t<div class=\"input-wrp\">\n\t\t\t\t<p><span class=\"wpcf7-form-control-wrap\" data-name=\"nombre\"><input size=\"40\" maxlength=\"400\" class=\"wpcf7-form-control wpcf7-text wpcf7-validates-as-required textfield\" aria-required=\"true\" aria-invalid=\"false\" placeholder=\"Name\" value=\"\" type=\"text\" name=\"nombre\" \/><\/span>\n\t\t\t\t<\/p>\n\t\t\t<\/div>\n\t\t<\/div>\n\t\t<div class=\"col-12 col-md-6\">\n\t\t\t<div class=\"input-wrp\">\n\t\t\t\t<p><span class=\"wpcf7-form-control-wrap\" data-name=\"email\"><input size=\"40\" maxlength=\"400\" class=\"wpcf7-form-control wpcf7-text wpcf7-validates-as-required textfield\" aria-required=\"true\" aria-invalid=\"false\" placeholder=\"Email\" value=\"\" type=\"text\" name=\"email\" \/><\/span>\n\t\t\t\t<\/p>\n\t\t\t<\/div>\n\t\t<\/div>\n\t\t<div class=\"col-12 col-md-6\">\n\t\t\t<div class=\"input-wrp\">\n\t\t\t\t<p><span class=\"wpcf7-form-control-wrap\" data-name=\"celular\"><input size=\"40\" maxlength=\"400\" class=\"wpcf7-form-control wpcf7-text wpcf7-validates-as-required textfield\" aria-required=\"true\" aria-invalid=\"false\" placeholder=\"Mobile Phone\" value=\"\" type=\"text\" name=\"celular\" \/><\/span>\n\t\t\t\t<\/p>\n\t\t\t<\/div>\n\t\t<\/div>\n\t\t<div class=\"col-12 col-md-6\">\n\t\t\t<div class=\"input-wrp\">\n\t\t\t\t<p><span class=\"wpcf7-form-control-wrap\" data-name=\"asunto\"><input size=\"40\" maxlength=\"400\" class=\"wpcf7-form-control wpcf7-text wpcf7-validates-as-required textfield\" aria-required=\"true\" aria-invalid=\"false\" placeholder=\"Subject\" value=\"\" type=\"text\" name=\"asunto\" \/><\/span>\n\t\t\t\t<\/p>\n\t\t\t<\/div>\n\t\t<\/div>\n\t<\/div>\n\t<div class=\"input-wrp\">\n\t\t<p><span class=\"wpcf7-form-control-wrap\" data-name=\"mensaje\"><textarea cols=\"10\" rows=\"2\" maxlength=\"2000\" class=\"wpcf7-form-control wpcf7-textarea wpcf7-validates-as-required textfield\" aria-required=\"true\" aria-invalid=\"false\" placeholder=\"Message\" name=\"mensaje\"><\/textarea><\/span>\n\t\t<\/p>\n\t<\/div>\n\t<p><input class=\"wpcf7-form-control wpcf7-submit has-spinner custom-btn custom-btn--medium custom-btn--style-3 wide\" type=\"submit\" value=\"Send\" \/>\n\t<\/p>\n<\/div><div class=\"wpcf7-response-output\" aria-hidden=\"true\"><\/div>\n<input type=\"hidden\" name=\"trp-form-language\" value=\"en\"\/><\/form>\n<\/div>\n<\/div><\/div><\/div><\/div><\/div><div class=\"row no-gutters\"><div class=\"col-md-6 map-container map-container--left\"><div class=\"custom-map\"><iframe loading=\"lazy\" src=\"https:\/\/www.google.com\/maps\/embed?pb=!1m18!1m12!1m3!1d63836.527950886564!2d-79.20541834693192!3d-0.2410975063386028!2m3!1f0!2f0!3f0!3m2!1i1024!2i768!4f13.1!3m3!1m2!1s0x91d546535730a17d%3A0xcef17541041b9f63!2sSanto%20Domingo!5e0!3m2!1ses-419!2sec!4v1748698426273!5m2!1ses-419!2sec\" width=\"910\" height=\"910\" frameborder=\"0\" style=\"border:0\" allowfullscreen><\/iframe><\/div><\/div><\/div><\/div><\/div><\/div><\/div><div class=\"nt_clearfix\"><\/div>","protected":false},"excerpt":{"rendered":"KASANTELELE CONT\u00c1CTANOSHomeUBICACI\u00d3NSanto Domingo - EcuadorCELULAR+593 99 660 0785CORREO ELECTR\u00d3NICOkasantelele@gmail.comFORMULARIO DE CONTACTO\u00bfTiene preguntas? Escr\u00edbanos y le responderemos a la brevedad.","protected":false},"author":1,"featured_media":0,"parent":0,"menu_order":0,"comment_status":"closed","ping_status":"closed","template":"custom-page.php","meta":{"footnotes":""},"class_list":["post-1095","page","type-page","status-publish","hentry"," nt-post-class"],"_links":{"self":[{"href":"https:\/\/kasantelele.com\/en\/wp-json\/wp\/v2\/pages\/1095","targetHints":{"allow":["GET"]}}],"collection":[{"href":"https:\/\/kasantelele.com\/en\/wp-json\/wp\/v2\/pages"}],"about":[{"href":"https:\/\/kasantelele.com\/en\/wp-json\/wp\/v2\/types\/page"}],"author":[{"embeddable":true,"href":"https:\/\/kasantelele.com\/en\/wp-json\/wp\/v2\/users\/1"}],"replies":[{"embeddable":true,"href":"https:\/\/kasantelele.com\/en\/wp-json\/wp\/v2\/comments?post=1095"}],"version-history":[{"count":26,"href":"https:\/\/kasantelele.com\/en\/wp-json\/wp\/v2\/pages\/1095\/revisions"}],"predecessor-version":[{"id":1289,"href":"https:\/\/kasantelele.com\/en\/wp-json\/wp\/v2\/pages\/1095\/revisions\/1289"}],"wp:attachment":[{"href":"https:\/\/kasantelele.com\/en\/wp-json\/wp\/v2\/media?parent=1095"}],"curies":[{"name":"wp","href":"https:\/\/api.w.org\/{rel}","templated":true}]}}