{"id":1046,"date":"2025-05-26T15:22:42","date_gmt":"2025-05-26T20:22:42","guid":{"rendered":"https:\/\/kasantelele.com\/?page_id=1046"},"modified":"2025-06-09T15:04:49","modified_gmt":"2025-06-09T20:04:49","slug":"sobre-nosotros","status":"publish","type":"page","link":"https:\/\/kasantelele.com\/en\/sobre-nosotros\/","title":{"rendered":"About Us"},"content":{"rendered":"<div class=\"agro-section-wrapper\"><div class=\"nt-column\"><div class=\"nt-shortcode-wrapper\"><div id=\"hero\" class=\"nt-shortcode-hero jarallax section_69e37019c448c vc_custom_1749009407916\" data-speed=\"0.7\" data-img-position=\"50% 80%\" data-res-css=\"      .nt-shortcode-hero.section_69e37019c448c .breadcrumbs__link,.nt-shortcode-hero.section_69e37019c448c .bitem {color: #DB5A27; }    \"><div class=\"container\"><div class=\"row\"><div class=\"col-12 col-lg-7\"><h1 class=\"__title\"><span>ABOUT<\/span> US<\/h1><div class=\"shortcode-page-breadcrumbs breadcrumb\"><div class=\"nt-breadcrumbs\"><ul class=\"nt-breadcrumbs-list\"><li class=\"bitem\"><span><a class=\"breadcrumbs__link\" href=\"https:\/\/kasantelele.com\/en\/\"><span>Home<\/span><\/a><\/span><\/li><\/ul><\/div><\/div><\/div><\/div><\/div><\/div><\/div><\/div><\/div><div class=\"nt_clearfix\"><\/div><div class=\"agro-section-wrapper\"><div class=\"nt-column\"><div class=\"nt-shortcode-wrapper\"><div class=\"section section--no-pb about--1 md-hide-bg item_69e37019c4ac2 vc_custom_1749499485555\" data-res-css=\"              \"><div class=\"container\"><div class=\"section-heading\"><h2 class=\"__title\">WE ARE <span>KASAN TELELE EXPORT<\/span><\/h2><\/div><div class=\"row\"><div class=\"col-12 col-lg-6 col-xl-8\">Producers of Tradition and Flavor.<\/p>\n<p>In the heart of Santo Domingo de los Ts\u00e1chilas, a land rich in ancestral culture, our company, KTE, flourishes as a green oasis dedicated to cultivating the most delicious and juicy baby bananas. We are deeply rooted in the tradition of our indigenous ancestors, who taught us the art of cultivating and caring for the land with respect and gratitude.<\/p>\n<p>At KTE, each bunch of baby bananas is more than a fruit; It is the result of generations of wisdom, love of nature and unwavering dedication. Our expert hands take care of every stage of the growing process, from planting to harvesting, ensuring that only the best reaches your table.<\/div><\/div><\/div><\/div><\/div><\/div><\/div><div class=\"nt_clearfix\"><\/div><div id=\"nos-row2\" class=\"agro-section-wrapper vc_custom_1748981602429\"><div class=\"nt-column\"><div class=\"nt-shortcode-wrapper\"><div class=\"section section--no-pb jarallax item_69e37019c4e00\" data-speed=\"0.4\" data-img-position=\"50% 65%\" data-res-css=\"        \"><img decoding=\"async\" src=\"https:\/\/kasantelele.com\/wp-content\/uploads\/2019\/02\/bg_1.jpg\" class=\"jarallax-img\" alt=\"bg_1.jpg\"><div class=\"container\"><div class=\"section-heading section-heading--center section-heading--white\" data-aos=\"fade\"><h2 class=\"__title\">Who Are <span>We?<\/span><\/h2><\/div><div class=\"simple-text-block simple-text-block--no-pb\"><div class=\"row justify-content-md-center\"><div class=\"col-12 col-md-11\"><div class=\"row justify-content-lg-between no-gutters\"><div class=\"col-12 col-lg-5\"><img decoding=\"async\" src=\"https:\/\/kasantelele.com\/wp-content\/uploads\/2025\/06\/img-nos-01.jpg\" class=\"img-fluid\" alt=\"img-nos-01.jpg\"><\/div><div class=\"col-12 my-3 d-lg-none\"><\/div><div class=\"col-12 col-lg-6\"><div class=\"js-slick slick_69e37019c4e01\" data-slick='{\"autoplay\": false, \"arrows\": false, \"dots\": false, \"pauseOnHover\": false, \"speed\": 1000}'><div class=\"__item\"><h3>KASAN TELELE <span>EXPORT<\/span><\/h3><p>KTE, which began operations in 2023, is a marketing and export brand that represents producers of Ts\u00e1chila origin from the country\u2019s best-producing area, such as Santo Domingo.<\/p>\n<p>Offering the best fruit for international markets is its main philosophy.<\/p>\n<\/div><\/div><\/div><\/div><\/div><\/div><\/div><\/div><\/div><\/div><\/div><\/div><div class=\"nt_clearfix\"><\/div><div id=\"nos-row1\" class=\"agro-section-wrapper section vc_custom_1748297483106\"><div class=\"container container-stretch\"><div class=\"row\"><div class=\"nt-column col-sm-12\"><div class=\"nt-shortcode-wrapper\"><div class=\"section section_69e37019c54b1 vc_custom_1748535947851\" data-res-css=\"       \"><div class=\"container\"><div class=\"section-heading section-heading--center\"><h2 class=\"__title\">WHAT MAKES US <span>SPECIAL?<\/span><\/h2><p>Join us on this Nutritious and Cultural Journey. Discover the Taste of Tradition!<\/p><\/div><div class=\"feature feature--style-2\"><div class=\"__inner\"><div class=\"row\"><div class=\"col-12 col-md-6 col-lg-6\"><div class=\"__item\"><i class=\"__ico\"><img decoding=\"async\" src=\"https:\/\/kasantelele.com\/wp-content\/uploads\/2025\/05\/ico-hom-01.png\" class=\"img-fluid\" alt=\"ico-hom-01.png\"><\/i><h5 class=\"__title\">Indigenous Origin<\/h5><p>We are a company proudly formed by indigenous people native to Santo Domingo de los Ts\u00e1chilas. We honor our roots in every banana we grow and export to the world.<\/p><\/div><\/div><div class=\"col-12 col-md-6 col-lg-6\"><div class=\"__item\"><i class=\"__ico\"><img decoding=\"async\" src=\"https:\/\/kasantelele.com\/wp-content\/uploads\/2025\/05\/ico-hom-02.png\" class=\"img-fluid\" alt=\"ico-hom-02.png\"><\/i><h5 class=\"__title\">Unparalleled Quality<\/h5><p>Our baby bananas are grown with traditional techniques and authentic love for nature. Each fruit is hand-selected to ensure freshness and supreme flavor.<\/p><\/div><\/div><div class=\"col-12 col-md-6 col-lg-6\"><div class=\"__item\"><i class=\"__ico\"><img decoding=\"async\" src=\"https:\/\/kasantelele.com\/wp-content\/uploads\/2025\/05\/ico-hom-03.png\" class=\"img-fluid\" alt=\"ico-hom-03.png\"><\/i><h5 class=\"__title\">Commitment to Sustainability<\/h5><p>We strive to preserve our natural environment by using sustainable agricultural practices to protect biodiversity and minimize our impact on the environment.<\/p><\/div><\/div><div class=\"col-12 col-md-6 col-lg-6\"><div class=\"__item\"><i class=\"__ico\"><img decoding=\"async\" src=\"https:\/\/kasantelele.com\/wp-content\/uploads\/2025\/05\/ico-hom-04.png\" class=\"img-fluid\" alt=\"ico-hom-04.png\"><\/i><h5 class=\"__title\">Global Export<\/h5><p>Our baby bananas are full of tradition and freshness and are exported to distant corners of the world, carrying the authentic flavor of Santo Domingo de los Ts\u00e1chilas.<\/p><\/div><\/div><\/div><\/div><\/div><\/div><\/div><\/div><\/div><\/div><\/div><\/div><div class=\"nt_clearfix\"><\/div><div class=\"agro-section-wrapper\"><div class=\"nt-column col-sm-12\"><div class=\"nt-shortcode-wrapper\"><div class=\"section  section_69e37019c5cab vc_custom_1748535886294\" data-res-css=\"     \"><div class=\"container\"><div class=\"partners-list\"><div class=\"js-slick slick_69e37019c5cac\" data-slick='{\"slidesToShow\":5,\"infinite\":false,\"autoplay\":false,\"autoplaySpeed\":3000,\"arrows\":false,\"dots\":false,\"pauseOnHover\":false,\"speed\":1000,\"responsive\":[{\"breakpoint\":576,\"settings\":{\"slidesToShow\":1}},{\"breakpoint\":767,\"settings\":{\"slidesToShow\":3}},{\"breakpoint\":991,\"settings\":{\"slidesToShow\":4}},{\"breakpoint\":1199,\"settings\":{\"slidesToShow\":5}}]}'><div class=\"__item\"><img decoding=\"async\" src=\"https:\/\/kasantelele.com\/wp-content\/uploads\/2025\/05\/TsanininMarca.png\" class=\"img-fluid m-auto\" alt=\"TsanininMarca.png\"><\/div><\/div><\/div><\/div><\/div><\/div><\/div><\/div><div class=\"nt_clearfix\"><\/div>","protected":false},"excerpt":{"rendered":"Sobre NosotrosHomeSOMOS KASAN TELELE EXPORTProductores de Tradici\u00f3n y Sabor. En el coraz\u00f3n de Santo Domingo de los Ts\u00e1chilas, una tierra rica en cultura ancestral, florece nuestra empresa KTE, un oasis verde dedicado a cultivar las m\u00e1s deliciosas y jugosas baby bananas. Estamos profundamente arraigados en la tradici\u00f3n de nuestros antepasados ind\u00edgenas, quienes nos ense\u00f1aron el...","protected":false},"author":1,"featured_media":0,"parent":0,"menu_order":0,"comment_status":"closed","ping_status":"closed","template":"custom-page.php","meta":{"footnotes":""},"class_list":["post-1046","page","type-page","status-publish","hentry"," nt-post-class"],"_links":{"self":[{"href":"https:\/\/kasantelele.com\/en\/wp-json\/wp\/v2\/pages\/1046","targetHints":{"allow":["GET"]}}],"collection":[{"href":"https:\/\/kasantelele.com\/en\/wp-json\/wp\/v2\/pages"}],"about":[{"href":"https:\/\/kasantelele.com\/en\/wp-json\/wp\/v2\/types\/page"}],"author":[{"embeddable":true,"href":"https:\/\/kasantelele.com\/en\/wp-json\/wp\/v2\/users\/1"}],"replies":[{"embeddable":true,"href":"https:\/\/kasantelele.com\/en\/wp-json\/wp\/v2\/comments?post=1046"}],"version-history":[{"count":48,"href":"https:\/\/kasantelele.com\/en\/wp-json\/wp\/v2\/pages\/1046\/revisions"}],"predecessor-version":[{"id":1298,"href":"https:\/\/kasantelele.com\/en\/wp-json\/wp\/v2\/pages\/1046\/revisions\/1298"}],"wp:attachment":[{"href":"https:\/\/kasantelele.com\/en\/wp-json\/wp\/v2\/media?parent=1046"}],"curies":[{"name":"wp","href":"https:\/\/api.w.org\/{rel}","templated":true}]}}